{"id":92,"date":"2025-03-11T13:47:09","date_gmt":"2025-03-11T10:47:09","guid":{"rendered":"https:\/\/www.tmgsigorta.com\/?page_id=92"},"modified":"2025-09-07T21:48:25","modified_gmt":"2025-09-07T18:48:25","slug":"cozum-ortaklarimiz","status":"publish","type":"page","link":"https:\/\/www.tmgsigorta.com\/?page_id=92","title":{"rendered":"\u00e7\u00f6z\u00fcm ortaklar\u0131m\u0131z"},"content":{"rendered":"<p>[vc_row][vc_column width=&#8221;1\/4&#8243;][vc_wp_text]<\/p>\n<p><img loading=\"lazy\" decoding=\"async\" class=\"alignnone size-full wp-image-30\" src=\"http:\/\/www.tmgsigorta.com\/wp-content\/uploads\/2025\/03\/sombo.jpg\" alt=\"\" width=\"127\" height=\"88\" \/><\/p>\n<p>[\/vc_wp_text][\/vc_column][vc_column width=&#8221;1\/4&#8243;][vc_wp_text]<img loading=\"lazy\" decoding=\"async\" class=\"alignnone wp-image-251\" src=\"http:\/\/www.tmgsigorta.com\/wp-content\/uploads\/2025\/09\/dropdown-1.jpg\" alt=\"\" width=\"127\" height=\"88\" srcset=\"https:\/\/www.tmgsigorta.com\/wp-content\/uploads\/2025\/09\/dropdown-1.jpg 381w, https:\/\/www.tmgsigorta.com\/wp-content\/uploads\/2025\/09\/dropdown-1-300x208.jpg 300w, https:\/\/www.tmgsigorta.com\/wp-content\/uploads\/2025\/09\/dropdown-1-150x104.jpg 150w, https:\/\/www.tmgsigorta.com\/wp-content\/uploads\/2025\/09\/dropdown-1-218x150.jpg 218w, https:\/\/www.tmgsigorta.com\/wp-content\/uploads\/2025\/09\/dropdown-1-100x70.jpg 100w\" sizes=\"auto, (max-width: 127px) 100vw, 127px\" \/>[\/vc_wp_text][\/vc_column][vc_column width=&#8221;1\/4&#8243;][vc_wp_text]<\/p>\n<p><img loading=\"lazy\" decoding=\"async\" class=\"alignnone size-full wp-image-27\" src=\"http:\/\/www.tmgsigorta.com\/wp-content\/uploads\/2025\/03\/avivasa.jpg\" alt=\"\" width=\"127\" height=\"88\" \/><\/p>\n<p>[\/vc_wp_text][\/vc_column][vc_column width=&#8221;1\/4&#8243;][vc_wp_text]<img loading=\"lazy\" decoding=\"async\" class=\"alignnone wp-image-253\" src=\"http:\/\/www.tmgsigorta.com\/wp-content\/uploads\/2025\/09\/9740-2952023-17208.jpg\" alt=\"\" width=\"127\" height=\"95\" srcset=\"https:\/\/www.tmgsigorta.com\/wp-content\/uploads\/2025\/09\/9740-2952023-17208.jpg 866w, https:\/\/www.tmgsigorta.com\/wp-content\/uploads\/2025\/09\/9740-2952023-17208-300x225.jpg 300w, https:\/\/www.tmgsigorta.com\/wp-content\/uploads\/2025\/09\/9740-2952023-17208-768x576.jpg 768w, https:\/\/www.tmgsigorta.com\/wp-content\/uploads\/2025\/09\/9740-2952023-17208-150x113.jpg 150w, https:\/\/www.tmgsigorta.com\/wp-content\/uploads\/2025\/09\/9740-2952023-17208-485x360.jpg 485w, https:\/\/www.tmgsigorta.com\/wp-content\/uploads\/2025\/09\/9740-2952023-17208-696x522.jpg 696w, https:\/\/www.tmgsigorta.com\/wp-content\/uploads\/2025\/09\/9740-2952023-17208-560x420.jpg 560w, https:\/\/www.tmgsigorta.com\/wp-content\/uploads\/2025\/09\/9740-2952023-17208-80x60.jpg 80w, https:\/\/www.tmgsigorta.com\/wp-content\/uploads\/2025\/09\/9740-2952023-17208-265x198.jpg 265w\" sizes=\"auto, (max-width: 127px) 100vw, 127px\" \/>[\/vc_wp_text][\/vc_column][\/vc_row][vc_row][vc_column width=&#8221;1\/4&#8243;][vc_wp_text]<\/p>\n<p><img loading=\"lazy\" decoding=\"async\" class=\"alignnone size-full wp-image-26\" src=\"http:\/\/www.tmgsigorta.com\/wp-content\/uploads\/2025\/03\/ankara.jpeg\" alt=\"\" width=\"127\" height=\"88\" \/><\/p>\n<p>[\/vc_wp_text][\/vc_column][vc_column width=&#8221;1\/4&#8243;][vc_wp_text]<\/p>\n<p><img loading=\"lazy\" decoding=\"async\" class=\"alignnone size-full wp-image-23\" src=\"http:\/\/www.tmgsigorta.com\/wp-content\/uploads\/2025\/03\/Aksigorta.jpg\" alt=\"\" width=\"127\" height=\"88\" \/><\/p>\n<p>[\/vc_wp_text][\/vc_column][vc_column width=&#8221;1\/4&#8243;][vc_wp_text]<\/p>\n<p><img loading=\"lazy\" decoding=\"async\" class=\"alignnone size-full wp-image-24\" src=\"http:\/\/www.tmgsigorta.com\/wp-content\/uploads\/2025\/03\/Allianz.jpg\" alt=\"\" width=\"127\" height=\"88\" \/><\/p>\n<p>[\/vc_wp_text][\/vc_column][vc_column width=&#8221;1\/4&#8243;][\/vc_column][\/vc_row]<\/p>\n","protected":false},"excerpt":{"rendered":"<p>[vc_row][vc_column width=&#8221;1\/4&#8243;][vc_wp_text] [\/vc_wp_text][\/vc_column][vc_column width=&#8221;1\/4&#8243;][vc_wp_text][\/vc_wp_text][\/vc_column][vc_column width=&#8221;1\/4&#8243;][vc_wp_text] [\/vc_wp_text][\/vc_column][vc_column width=&#8221;1\/4&#8243;][vc_wp_text][\/vc_wp_text][\/vc_column][\/vc_row][vc_row][vc_column width=&#8221;1\/4&#8243;][vc_wp_text] [\/vc_wp_text][\/vc_column][vc_column width=&#8221;1\/4&#8243;][vc_wp_text] [\/vc_wp_text][\/vc_column][vc_column width=&#8221;1\/4&#8243;][vc_wp_text] [\/vc_wp_text][\/vc_column][vc_column width=&#8221;1\/4&#8243;][\/vc_column][\/vc_row]<\/p>\n","protected":false},"author":1,"featured_media":0,"parent":0,"menu_order":0,"comment_status":"closed","ping_status":"closed","template":"","meta":{"footnotes":""},"class_list":["post-92","page","type-page","status-publish","hentry"],"amp_enabled":true,"_links":{"self":[{"href":"https:\/\/www.tmgsigorta.com\/index.php?rest_route=\/wp\/v2\/pages\/92","targetHints":{"allow":["GET"]}}],"collection":[{"href":"https:\/\/www.tmgsigorta.com\/index.php?rest_route=\/wp\/v2\/pages"}],"about":[{"href":"https:\/\/www.tmgsigorta.com\/index.php?rest_route=\/wp\/v2\/types\/page"}],"author":[{"embeddable":true,"href":"https:\/\/www.tmgsigorta.com\/index.php?rest_route=\/wp\/v2\/users\/1"}],"replies":[{"embeddable":true,"href":"https:\/\/www.tmgsigorta.com\/index.php?rest_route=%2Fwp%2Fv2%2Fcomments&post=92"}],"version-history":[{"count":9,"href":"https:\/\/www.tmgsigorta.com\/index.php?rest_route=\/wp\/v2\/pages\/92\/revisions"}],"predecessor-version":[{"id":255,"href":"https:\/\/www.tmgsigorta.com\/index.php?rest_route=\/wp\/v2\/pages\/92\/revisions\/255"}],"wp:attachment":[{"href":"https:\/\/www.tmgsigorta.com\/index.php?rest_route=%2Fwp%2Fv2%2Fmedia&parent=92"}],"curies":[{"name":"wp","href":"https:\/\/api.w.org\/{rel}","templated":true}]}}