{"id":69,"date":"2025-03-11T12:47:41","date_gmt":"2025-03-11T09:47:41","guid":{"rendered":"https:\/\/www.tmgsigorta.com\/?page_id=69"},"modified":"2025-03-11T14:44:30","modified_gmt":"2025-03-11T11:44:30","slug":"hakkinda","status":"publish","type":"page","link":"https:\/\/www.tmgsigorta.com\/?page_id=69","title":{"rendered":"hakk\u0131m\u0131zda"},"content":{"rendered":"\n<p>Sigortac\u0131l\u0131k sekt\u00f6r\u00fcne gerekli deneyimi, birikimi, teknik yeterlili\u011fi kazand\u0131ktan sonra sekt\u00f6rde uzun y\u0131llara dayanan sigortac\u0131l\u0131k deneyimlerinden ve geni\u015f m\u00fc\u015fteri portf\u00f6y\u00fcnden yola \u00e7\u0131karak; sekt\u00f6rde en kaliteli ve aktif sigortac\u0131l\u0131k hizmetini verebilmek amac\u0131yla, Sigorta \u015firketleri yerine m\u00fc\u015fterisinin temsilcisi olmay\u0131, poli\u00e7e sat\u0131\u015f\u0131n\u0131 de\u011fil m\u00fc\u015fterisini memnuniyetini esas alan Sigorta Arac\u0131l\u0131k Hizmetleri k\u0131sa zamanda sekt\u00f6r\u00fcn enlerinden birisi haline geldi. Sigorta sekt\u00f6r\u00fcnde sekt\u00f6r\u00fcn \u00f6nde gelen bir\u00e7ok&nbsp; sigorta \u015firketi ile i\u015f ortakl\u0131\u011f\u0131 yaparak; kasko, trafik, sa\u011fl\u0131k, konut gibi \u00e7ok kullan\u0131lan sigorta \u00fcr\u00fcnlerinin yan\u0131nda; seyahat, nakliyat, ferdi kaza gibi al\u0131\u015f\u0131landan farkl\u0131 bir\u00e7ok sigorta bran\u015f\u0131nda detayl\u0131 olarak \u00e7al\u0131\u015fmas\u0131n\u0131 y\u00fcr\u00fctmektedir.<\/p>\n\n\n\n<p>Sigortac\u0131l\u0131k hizmetleri kapsam\u0131nda kar\u015f\u0131la\u015ft\u0131rmal\u0131 fiyat ve hizmet analizi yapar. M\u00fc\u015fterilerine \u00f6zel geli\u015ftirdi\u011fi kapsaml\u0131, SSL donan\u0131ml\u0131 tam g\u00fcvenli al\u0131\u015fveri\u015f, pratik ve en ekonomik teklif sistemi ile sigorta hassasiyetini \u00f6ncelik almaktad\u0131r. T\u00fcrkiye\u2019nin neresinde olursa olsun Online teklif ve poli\u00e7e olu\u015fturarak, kargo ile \u00fccretsiz g\u00f6nderimini sa\u011flar.<\/p>\n\n\n\n<p>Sigorta alan\u0131nda uzmanla\u015fm\u0131\u015f,&nbsp; aktif bilgi ve donan\u0131ma sahip, deneyimli kadrosu ile 7\/24 dan\u0131\u015fmanl\u0131k hizmeti vermekte,&nbsp; her t\u00fcrl\u00fc talepte \u00e7\u00f6z\u00fcm odakl\u0131 hareket etmektedir. M\u00fc\u015fterisinin her seferinde ayn\u0131 dan\u0131\u015fmanla i\u015f takibi yapabilmesine ortam haz\u0131rlar. Hasar an\u0131nda en h\u0131zl\u0131 deste\u011fi verebilecek donan\u0131ma sahiptir.<\/p>\n\n\n\n<p>Firmam\u0131z Arac\u0131l\u0131k Hizmetlerini m\u00fc\u015fterilerine daha kaliteli ve en h\u0131zl\u0131 \u015fekilde ula\u015fabilmek i\u00e7in Teknolojinin h\u00fcr t\u00fcrl\u00fc nimetinden faydalanarak gerekli sistem ve a\u011f\u0131 kurup T\u00fcrkiye genelinde m\u00fc\u015fterilerimize, hizmet vermekteyiz.<\/p>\n","protected":false},"excerpt":{"rendered":"<p>Sigortac\u0131l\u0131k sekt\u00f6r\u00fcne gerekli deneyimi, birikimi, teknik yeterlili\u011fi kazand\u0131ktan sonra sekt\u00f6rde uzun y\u0131llara dayanan sigortac\u0131l\u0131k deneyimlerinden ve geni\u015f m\u00fc\u015fteri portf\u00f6y\u00fcnden yola \u00e7\u0131karak; sekt\u00f6rde en kaliteli ve aktif sigortac\u0131l\u0131k hizmetini verebilmek amac\u0131yla, Sigorta \u015firketleri yerine m\u00fc\u015fterisinin temsilcisi olmay\u0131, poli\u00e7e sat\u0131\u015f\u0131n\u0131 de\u011fil m\u00fc\u015fterisini memnuniyetini esas alan Sigorta Arac\u0131l\u0131k Hizmetleri k\u0131sa zamanda sekt\u00f6r\u00fcn enlerinden birisi haline geldi. Sigorta sekt\u00f6r\u00fcnde [&hellip;]<\/p>\n","protected":false},"author":1,"featured_media":0,"parent":0,"menu_order":0,"comment_status":"closed","ping_status":"closed","template":"","meta":{"footnotes":""},"class_list":["post-69","page","type-page","status-publish","hentry"],"amp_enabled":true,"_links":{"self":[{"href":"https:\/\/www.tmgsigorta.com\/index.php?rest_route=\/wp\/v2\/pages\/69","targetHints":{"allow":["GET"]}}],"collection":[{"href":"https:\/\/www.tmgsigorta.com\/index.php?rest_route=\/wp\/v2\/pages"}],"about":[{"href":"https:\/\/www.tmgsigorta.com\/index.php?rest_route=\/wp\/v2\/types\/page"}],"author":[{"embeddable":true,"href":"https:\/\/www.tmgsigorta.com\/index.php?rest_route=\/wp\/v2\/users\/1"}],"replies":[{"embeddable":true,"href":"https:\/\/www.tmgsigorta.com\/index.php?rest_route=%2Fwp%2Fv2%2Fcomments&post=69"}],"version-history":[{"count":2,"href":"https:\/\/www.tmgsigorta.com\/index.php?rest_route=\/wp\/v2\/pages\/69\/revisions"}],"predecessor-version":[{"id":121,"href":"https:\/\/www.tmgsigorta.com\/index.php?rest_route=\/wp\/v2\/pages\/69\/revisions\/121"}],"wp:attachment":[{"href":"https:\/\/www.tmgsigorta.com\/index.php?rest_route=%2Fwp%2Fv2%2Fmedia&parent=69"}],"curies":[{"name":"wp","href":"https:\/\/api.w.org\/{rel}","templated":true}]}}