{"id":238,"date":"2025-03-12T13:57:28","date_gmt":"2025-03-12T10:57:28","guid":{"rendered":"https:\/\/www.tmgsigorta.com\/?page_id=238"},"modified":"2025-03-12T14:58:25","modified_gmt":"2025-03-12T11:58:25","slug":"iletisim","status":"publish","type":"page","link":"https:\/\/www.tmgsigorta.com\/?page_id=238","title":{"rendered":"\u0130LET\u0130\u015e\u0130M"},"content":{"rendered":"\r\n<p>&nbsp;<\/p>\r\n<p style=\"text-align: center;\">\n\n<!-- Fast Secure Contact Form plugin 4.0.52 - begin - FastSecureContactForm.com -->\n<div style=\"clear:both;\"><\/div>\n<p>Yorum ve sorular\u0131n\u0131z\u0131 bekliyoruz.<\/p>\n<div id=\"FSContact1\" style=\"width:99%; max-width:555px;\">\n<form action=\"https:\/\/www.tmgsigorta.com\/index.php?rest_route=%2Fwp%2Fv2%2Fpages%2F238#FSContact1\" id=\"fscf_form1\" method=\"post\">\n\n<div id=\"fscf_required1\">\n  <span style=\"text-align:left;\">*<\/span> <span style=\"text-align:left;\">zorunlu alan\u0131 g\u00f6sterir<\/span>\n<\/div>\n\n\n<div id=\"fscf_div_clear1_0\" style=\"clear:both;\">\n  <div id=\"fscf_div_field1_0\" style=\"clear:left; float:left; width:99%; max-width:550px; margin-right:10px;\">\n    <div style=\"text-align:left; padding-top:5px;\">\n      <label style=\"text-align:left;\" for=\"fscf_name1\">Ad\u0131n\u0131z:<span style=\"text-align:left;\">*<\/span><\/label>\n    <\/div>\n    <div style=\"text-align:left;\">\n      <input style=\"text-align:left; margin:0; width:99%; max-width:250px;\" type=\"text\" id=\"fscf_name1\" name=\"full_name\" value=\"\"  readonly=\"readonly\" \/>\n    <\/div>\n  <\/div>\n<\/div>\n\n<div id=\"fscf_div_clear1_1\" style=\"clear:both;\">\n  <div id=\"fscf_div_field1_1\" style=\"clear:left; float:left; width:99%; max-width:550px; margin-right:10px;\">\n    <div style=\"text-align:left; padding-top:5px;\">\n      <label style=\"text-align:left;\" for=\"fscf_email1\">Eposta:<span style=\"text-align:left;\">*<\/span><\/label>\n    <\/div>\n    <div style=\"text-align:left;\">\n      <input style=\"text-align:left; margin:0; width:99%; max-width:250px;\" type=\"text\" id=\"fscf_email1\" name=\"email\" value=\"\"  readonly=\"readonly\" \/>\n    <\/div>\n  <\/div>\n<\/div>\n\n<div id=\"fscf_div_clear1_2\" style=\"clear:both;\">\n  <div id=\"fscf_div_field1_2\" style=\"clear:left; float:left; width:99%; max-width:550px; margin-right:10px;\">\n    <div style=\"text-align:left; padding-top:5px;\">\n      <label style=\"text-align:left;\" for=\"fscf_field1_2\">Konu:<span style=\"text-align:left;\">*<\/span><\/label>\n    <\/div>\n    <div style=\"text-align:left;\">\n      <input style=\"text-align:left; margin:0; width:99%; max-width:250px;\" type=\"text\" id=\"fscf_field1_2\" name=\"subject\" value=\"\"  \/>\n    <\/div>\n  <\/div>\n<\/div>\n\n<div id=\"fscf_div_clear1_3\" style=\"clear:both;\">\n  <div id=\"fscf_div_field1_3\" style=\"clear:left; float:left; width:99%; max-width:550px; margin-right:10px;\">\n    <div style=\"text-align:left; padding-top:5px;\">\n      <label style=\"text-align:left;\" for=\"fscf_field1_3\">\u0130leti:<span style=\"text-align:left;\">*<\/span><\/label>\n    <\/div>\n    <div style=\"text-align:left;\">\n      <textarea style=\"text-align:left; margin:0; width:99%; max-width:250px; height:120px;\" id=\"fscf_field1_3\" name=\"message\" cols=\"30\" rows=\"10\" ><\/textarea>\n    <\/div>\n  <\/div>\n<\/div>\n<div style=\"clear:both;\"><\/div>\n\n<div id=\"fscf_submit_div1\" style=\"text-align:left; clear:both; padding-top:15px;\">\n\t\t<input type=\"submit\" id=\"fscf_submit1\" style=\"cursor:pointer; margin:0;\" value=\"G\u00f6nder\"  onclick=\"this.disabled=true; this.value='G\u00f6nderiliyor...'; this.form.submit();\" \/> \n<\/div>\n\n<input type=\"hidden\" name=\"fscf_submitted\" value=\"0\" \/>\n<input type=\"hidden\" name=\"fs_postonce_1\" value=\"12493c59fd969a71e7017df40431911e,1776599852\" \/>\n<input type=\"hidden\" name=\"si_contact_action\" value=\"send\" \/>\n<input type=\"hidden\" name=\"form_id\" value=\"1\" \/>\n<input type=\"hidden\" name=\"mailto_id\" value=\"1\" \/>\n\n<\/form>\n<\/div>\n<div style=\"clear:both;\"><\/div>\n\n<!-- Fast Secure Contact Form plugin 4.0.52 - end - FastSecureContactForm.com -->\n \r\n<iframe loading=\"lazy\" style=\"border: 0;\" src=\"https:\/\/www.google.com\/maps\/embed?pb=!1m18!1m12!1m3!1d3191.674305941046!2d30.63217487629892!3d36.874213963523076!2m3!1f0!2f0!3f0!3m2!1i1024!2i768!4f13.1!3m3!1m2!1s0x14c3919da5ce9975%3A0xa4964c6561e60cf8!2zVE1HIFPEsEdPUlRBIEFSQUNJTElLIEjEsFpNRVRMRVLEsCBMVEQuxZ5UxLAu!5e0!3m2!1str!2str!4v1741780128459!5m2!1str!2str\" width=\"1050\" height=\"350\" allowfullscreen=\"allowfullscreen\"><span data-mce-type=\"bookmark\" style=\"display: inline-block; width: 0px; overflow: hidden; line-height: 0;\" class=\"mce_SELRES_start\">\ufeff<\/span><\/iframe><\/p>\r\n","protected":false},"excerpt":{"rendered":"<p>&nbsp; \ufeff<\/p>\n","protected":false},"author":1,"featured_media":0,"parent":0,"menu_order":0,"comment_status":"closed","ping_status":"closed","template":"","meta":{"footnotes":""},"class_list":["post-238","page","type-page","status-publish","hentry"],"amp_enabled":true,"_links":{"self":[{"href":"https:\/\/www.tmgsigorta.com\/index.php?rest_route=\/wp\/v2\/pages\/238","targetHints":{"allow":["GET"]}}],"collection":[{"href":"https:\/\/www.tmgsigorta.com\/index.php?rest_route=\/wp\/v2\/pages"}],"about":[{"href":"https:\/\/www.tmgsigorta.com\/index.php?rest_route=\/wp\/v2\/types\/page"}],"author":[{"embeddable":true,"href":"https:\/\/www.tmgsigorta.com\/index.php?rest_route=\/wp\/v2\/users\/1"}],"replies":[{"embeddable":true,"href":"https:\/\/www.tmgsigorta.com\/index.php?rest_route=%2Fwp%2Fv2%2Fcomments&post=238"}],"version-history":[{"count":5,"href":"https:\/\/www.tmgsigorta.com\/index.php?rest_route=\/wp\/v2\/pages\/238\/revisions"}],"predecessor-version":[{"id":244,"href":"https:\/\/www.tmgsigorta.com\/index.php?rest_route=\/wp\/v2\/pages\/238\/revisions\/244"}],"wp:attachment":[{"href":"https:\/\/www.tmgsigorta.com\/index.php?rest_route=%2Fwp%2Fv2%2Fmedia&parent=238"}],"curies":[{"name":"wp","href":"https:\/\/api.w.org\/{rel}","templated":true}]}}